{"id":59,"date":"2013-06-04T09:12:11","date_gmt":"2013-06-04T08:12:11","guid":{"rendered":"http:\/\/www.cld.fr\/portfolio\/?page_id=59"},"modified":"2020-06-15T17:00:40","modified_gmt":"2020-06-15T15:00:40","slug":"references-clients","status":"publish","type":"page","link":"http:\/\/www.cld.fr\/portfolio\/references-clients\/","title":{"rendered":"R\u00e9f\u00e9rences clients"},"content":{"rendered":"<p><strong><span style=\"color: #aaa;\">A<\/span><\/strong><\/p>\n<p><a title=\"Applied Mechanical (AM)\" href=\"http:\/\/www.cld.fr\/portfolio\/?s=Applied+Mechanical\"><strong>Applied Mechanical (AM)<\/strong><\/a><br \/>\n<a title=\"Amiploum\" href=\"http:\/\/www.cld.fr\/portfolio\/?s=Amiploum\"><strong>Amiploum<\/strong><\/a><br \/>\n<a title=\"Au Pain Pli\u00e9\" href=\"http:\/\/www.cld.fr\/portfolio\/?s=Au+Pain+Pli\u00e9\"><strong>Au Pain Pli\u00e9<\/strong><\/a><\/p>\n<p><strong><span style=\"color: #aaa;\">B<\/span><\/strong><\/p>\n<p><a title=\"Beaus\u00e9jour Immobilier\" href=\"http:\/\/www.cld.fr\/portfolio\/?s=Beausejour\"><strong>Beaus\u00e9jour Immobilier<\/strong><\/a><br \/>\n<a title=\"Les Bigoudines de Sandrine\" href=\"http:\/\/www.cld.fr\/portfolio\/?s=Bigoudines\"><strong>Les Bigoudines de Sandrine<\/strong><\/a><br \/>\n<a title=\"Breast Care (Ethicon)\" href=\"http:\/\/www.cld.fr\/portfolio\/?s=Breast+Care\"><strong>Breast Care (Ethicon)<\/strong><\/a><\/p>\n<p><strong><span style=\"color: #aaa;\">C<\/span><\/strong><\/p>\n<p><a title=\"Cabex\" href=\"http:\/\/www.cld.fr\/portfolio\/?s=Cabex\"><strong>Cabex<\/strong><\/a><br \/>\n<a title=\"Ca\u00efali (Groupe)\" href=\"http:\/\/www.cld.fr\/portfolio\/?s=Ca\u00efali\"><strong>Ca\u00efali (Groupe)<\/strong><\/a><br \/>\n<a title=\"Cetecom\" href=\"http:\/\/www.cld.fr\/portfolio\/?s=Cetecom\"><strong>Cetecom<\/strong><\/a><br \/>\n<a title=\"Charcuterie Ollivier\" href=\"http:\/\/www.cld.fr\/portfolio\/?s=Charcuterie+Ollivier\"><strong>Charcuterie Ollivier<\/strong><\/a><br \/>\n<a title=\"Chestalain\" href=\"http:\/\/www.cld.fr\/portfolio\/?s=Chestalain\"><strong>Chestalain<\/strong><\/a><br \/>\n<a title=\"Cotram\" href=\"http:\/\/www.cld.fr\/portfolio\/?s=Cotram\"><strong>Cotram<\/strong><\/a><br \/>\n<a title=\"CRT\" href=\"http:\/\/www.cld.fr\/portfolio\/?s=CRT\"><strong>CRT<\/strong><\/a><\/p>\n<p><strong><span style=\"color: #aaa;\">D<\/span><\/strong><\/p>\n<p><a title=\"Delahaye R\u00e9novation\" href=\"http:\/\/www.cld.fr\/portfolio\/?s=Delahaye\"><strong>Delahaye R\u00e9novation<\/strong><\/a><br \/>\n<a title=\"Disneyland Paris (Club B\u00e9n\u00e9voles)\" href=\"http:\/\/www.cld.fr\/portfolio\/?s=Disneyland\"><strong>Disneyland Paris<\/strong><\/a><br \/>\n<a title=\"Dresser Masoneilan\" href=\"http:\/\/www.cld.fr\/portfolio\/?s=Dresser+Masoneilan\"><strong>Dresser Masoneilan<\/strong><\/a><\/p>\n<p><strong><span style=\"color: #aaa;\">E<\/span><\/strong><\/p>\n<p><a title=\"Ebara\" href=\"http:\/\/www.cld.fr\/portfolio\/?s=Ebara\"><strong>Ebara<\/strong><\/a><br \/>\n<a title=\"Editions Weka\" href=\"http:\/\/www.cld.fr\/portfolio\/?s=Editions+Weka\"><strong>Editions Weka<\/strong><\/a><br \/>\n<a title=\"E.P. &amp; S.\" href=\"http:\/\/www.cld.fr\/portfolio\/?s=E.P.+%26+S.\"><strong>E.P. &amp; S.<\/strong><\/a><br \/>\n<a title=\"Espace Vercors\" href=\"http:\/\/www.cld.fr\/portfolio\/?s=Espace Vercors\"><strong>Espace Vercors<\/strong><\/a><\/p>\n<p><strong><span style=\"color: #aaa;\">F<\/span><\/strong><\/p>\n<p><a title=\"FMA\" href=\"http:\/\/www.cld.fr\/portfolio\/?s=FMA\"><strong>FMA<\/strong><\/a><\/p>\n<p><strong><span style=\"color: #aaa;\">G<\/span><\/strong><\/p>\n<p><a title=\"GE Energy (General Electric)\" href=\"http:\/\/www.cld.fr\/portfolio\/?s=GE+Energy\"><strong>GE Energy (General Electric)<\/strong><\/a><br \/>\n<a title=\"G\u00eetes 22\" href=\"http:\/\/www.cld.fr\/portfolio\/?s=G\u00eetes+22\"><strong>G\u00eetes 22<\/strong><\/a><br \/>\n<a title=\"Groupe IP Telecoms\" href=\"http:\/\/www.cld.fr\/portfolio\/?s=IP+Telecoms\"><strong>Groupe IP Telecoms<\/strong><\/a><br \/>\n<a title=\"Gynecare (Ethicon)\" href=\"http:\/\/www.cld.fr\/portfolio\/?s=Gynecare\"><strong>Gynecare (Ethicon)<\/strong><\/a><\/p>\n<p><strong><span style=\"color: #aaa;\">H<\/span><\/strong><\/p>\n<p><a title=\"Homa\" href=\"http:\/\/www.cld.fr\/portfolio\/?s=Homa\"><strong>HOMA<\/strong><\/a><\/p>\n<p><strong><span style=\"color: #aaa;\">L<\/span><\/strong><\/p>\n<p><a title=\"Lafon\" href=\"http:\/\/www.cld.fr\/portfolio\/?s=Lafon\"><strong>Lafon<\/strong><\/a><br \/>\n<a title=\"L'Automobile Magazine\" href=\"http:\/\/www.cld.fr\/portfolio\/?s=L'Automobile+Magazine\"><strong>L&rsquo;Automobile Magazine<\/strong><\/a><br \/>\n<a title=\"Leads Machine\" href=\"http:\/\/www.cld.fr\/portfolio\/?s=Leads+Machine\"><strong>Leads Machine<\/strong><\/a><br \/>\n<a title=\"Le Jardin d'Elisa\" href=\"http:\/\/www.cld.fr\/portfolio\/?s=Le+Jardin+d'Elisa\"><strong>Le Jardin d&rsquo;Elisa<\/strong><\/a><br \/>\n<a title=\"Les 3 Voiles\" href=\"http:\/\/www.cld.fr\/portfolio\/?s=Les+3+Voiles\"><strong>Les 3 Voiles<\/strong><\/a><br \/>\n<a title=\"L'Oc\u00e9ane des Plastics\" href=\"http:\/\/www.cld.fr\/portfolio\/?s=L'Oc\u00e9ane+des+Plastics\"><strong>L&rsquo;Oc\u00e9ane des Plastics<\/strong><\/a><\/p>\n<p><strong><span style=\"color: #aaa;\">M<\/span><\/strong><\/p>\n<p><a title=\"Metis Africa\" href=\"http:\/\/www.cld.fr\/portfolio\/?s=Metis+Africa\"><strong>Metis Africa<\/strong><\/a><br \/>\n<a title=\"MR Pompes\" href=\"http:\/\/www.cld.fr\/portfolio\/?s=MR+Pompes\"><strong>MR Pompes<\/strong><\/a><\/p>\n<p><strong><span style=\"color: #aaa;\">N<\/span><\/strong><\/p>\n<p><a title=\"Net@com\" href=\"http:\/\/www.cld.fr\/portfolio\/?s=Net@com\"><strong>Net@com<\/strong><\/a><\/p>\n<p><strong><span style=\"color: #aaa;\">O<\/span><\/strong><\/p>\n<p><a title=\"Oliju\" href=\"http:\/\/www.cld.fr\/portfolio\/?s=Oliju\"><strong>Oliju<\/strong><\/a><\/p>\n<p><strong><span style=\"color: #aaa;\">P<\/span><\/strong><\/p>\n<p><a title=\"Pineau T\u00e9l\u00e9phonie\" href=\"http:\/\/www.cld.fr\/portfolio\/?s=Pineau+T\u00e9l\u00e9phonie\"><strong>Pineau T\u00e9l\u00e9phonie<\/strong><\/a><br \/>\n<a title=\"Philippe Mign\u00e9\" href=\"http:\/\/www.cld.fr\/portfolio\/?s=Philippe+Mign\u00e9\"><strong>Philippe Mign\u00e9<\/strong><\/a><br \/>\n<a title=\"Plasteau\" href=\"http:\/\/www.cld.fr\/portfolio\/?s=Plasteau\"><strong>Plasteau<\/strong><\/a><br \/>\n<a title=\"Ploumilliau\" href=\"http:\/\/www.cld.fr\/portfolio\/?s=Commune de Ploumilliau\"><strong>Ploumilliau (Commune de)<\/strong><\/a><br \/>\n<a title=\"Pluri-Assurances\" href=\"http:\/\/www.cld.fr\/portfolio\/?s=Pluri-Assurances\"><strong>Pluri-Assurances<\/strong><\/a><br \/>\n<a title=\"P\u00f4le de plasturgie\" href=\"http:\/\/www.cld.fr\/portfolio\/?s=P\u00f4le+de+plasturgie\"><strong>P\u00f4le de plasturgie<\/strong><\/a><br \/>\n<a title=\"Procap\" href=\"http:\/\/www.cld.fr\/portfolio\/?s=Procap\"><strong>Procap<\/strong><\/a><\/p>\n<p><strong><span style=\"color: #aaa;\">S<\/span><\/strong><\/p>\n<p><a title=\"Sainopure\" href=\"http:\/\/www.cld.fr\/portfolio\/?s=Sainopure\"><strong>Sainopure<\/strong><\/a><br \/>\n<a title=\"Schlumberger\" href=\"http:\/\/www.cld.fr\/portfolio\/?s=Schlumberger\"><strong>Schlumberger<\/strong><\/a><br \/>\n<a title=\"Sesem\" href=\"http:\/\/www.cld.fr\/portfolio\/?s=Sesem\"><strong>Sesem<\/strong><\/a><br \/>\n<a title=\"Steam France\" href=\"http:\/\/www.cld.fr\/portfolio\/?s=Steam\"><strong>Steam France<\/strong><\/a><\/p>\n<p><strong><span style=\"color: #aaa;\">T<\/span><\/strong><\/p>\n<p><a title=\"Techneau\" href=\"http:\/\/www.cld.fr\/portfolio\/?s=Techneau\"><strong>Techneau<\/strong><\/a><br \/>\n<a title=\"Telecom Trade\" href=\"http:\/\/www.cld.fr\/portfolio\/?s=Telecom+Trade\"><strong>Telecom Trade<\/strong><\/a><br \/>\n<a title=\"Triagoz Marine Survey\" href=\"http:\/\/www.cld.fr\/portfolio\/?s=Triagoz+Marine+Survey\"><strong>Triagoz Marine Survey<\/strong><\/a><\/p>\n<p><strong><span style=\"color: #aaa;\">W<\/span><\/strong><\/p>\n<p><a title=\"Well Pumps\" href=\"http:\/\/www.cld.fr\/portfolio\/?s=Well\"><strong>Well Pumps<\/strong><\/a><br \/>\n<a title=\"Wilo France\" href=\"http:\/\/www.cld.fr\/portfolio\/?s=Wilo\"><strong>Wilo France<\/strong><\/a><br \/>\n<a title=\"Wolcob\u00e9\" href=\"http:\/\/www.cld.fr\/portfolio\/?s=Wolcob\u00e9\"><strong>Wolcob\u00e9<\/strong><\/a><\/p>\n","protected":false},"excerpt":{"rendered":"<p>A Applied Mechanical (AM) Amiploum Au Pain Pli\u00e9 B Beaus\u00e9jour Immobilier Les Bigoudines de Sandrine Breast Care (Ethicon) C Cabex Ca\u00efali (Groupe) Cetecom Charcuterie Ollivier Chestalain Cotram CRT&#8230;<\/p>\n","protected":false},"author":1,"featured_media":0,"parent":0,"menu_order":0,"comment_status":"closed","ping_status":"closed","template":"","meta":[],"_links":{"self":[{"href":"http:\/\/www.cld.fr\/portfolio\/wp-json\/wp\/v2\/pages\/59"}],"collection":[{"href":"http:\/\/www.cld.fr\/portfolio\/wp-json\/wp\/v2\/pages"}],"about":[{"href":"http:\/\/www.cld.fr\/portfolio\/wp-json\/wp\/v2\/types\/page"}],"author":[{"embeddable":true,"href":"http:\/\/www.cld.fr\/portfolio\/wp-json\/wp\/v2\/users\/1"}],"replies":[{"embeddable":true,"href":"http:\/\/www.cld.fr\/portfolio\/wp-json\/wp\/v2\/comments?post=59"}],"version-history":[{"count":30,"href":"http:\/\/www.cld.fr\/portfolio\/wp-json\/wp\/v2\/pages\/59\/revisions"}],"predecessor-version":[{"id":1253,"href":"http:\/\/www.cld.fr\/portfolio\/wp-json\/wp\/v2\/pages\/59\/revisions\/1253"}],"wp:attachment":[{"href":"http:\/\/www.cld.fr\/portfolio\/wp-json\/wp\/v2\/media?parent=59"}],"curies":[{"name":"wp","href":"https:\/\/api.w.org\/{rel}","templated":true}]}}