{"id":2,"date":"2013-06-03T14:06:07","date_gmt":"2013-06-03T14:06:07","guid":{"rendered":"http:\/\/www.cld.fr\/portfolio\/?page_id=2"},"modified":"2022-07-09T11:35:49","modified_gmt":"2022-07-09T09:35:49","slug":"mentions-legales","status":"publish","type":"page","link":"http:\/\/www.cld.fr\/portfolio\/mentions-legales\/","title":{"rendered":"Mentions l\u00e9gales"},"content":{"rendered":"<p><strong>Le pr\u00e9sent site est la propri\u00e9t\u00e9 de :<\/strong><br \/>\nChristian LEROY <sup>EI<\/sup><br \/>\nLieu-dit Gou\u00e9liou &#8211; 22300 PLOUMILLIAU &#8211; France<br \/>\n+33 (0)6 95 55 90 38<br \/>\n<a title=\"E-mail\" href=\"mailto:contact@cld.fr\"><u>E-mail<\/u><\/a><\/p>\n<p><strong>Entrepreneur Individuel (EI) SIRET : 384 880 613 000 45<\/strong><br \/>\n<strong>Artiste-Auteur Num\u00e9ro d&rsquo;Ordre Maison des Artistes : LA15602<\/strong><br \/>\n<strong>Tous droits r\u00e9serv\u00e9s \u00a9 Christian LEROY<\/strong> <sup>EI<\/sup><\/p>\n<h2><span style=\"color: #a9398b;\"><strong>Toute reproduction des photos et logos pr\u00e9sents sur ce site est strictement interdite.<\/strong><\/span><\/h2>\n<p>Bien que je m&rsquo;efforce raisonnablement \u00e0 mettre \u00e0 jour les informations publi\u00e9es sur ce site, je ne saurais \u00eatre tenu pour responsable d&rsquo;une erreur ou omission involontaire. Concernant le formulaire de contact, la confidentialit\u00e9 des donn\u00e9es est garantie conform\u00e9ment \u00e0 la la loi n\u00ba78-17 du 6 janvier 1978 relative \u00e0 l\u2019informatique, aux fichiers et aux libert\u00e9s Vous disposez donc des droits d\u2019opposition, d\u2019acc\u00e8s, et de rectification des donn\u00e9es vous concernant.<\/p>\n","protected":false},"excerpt":{"rendered":"<p>Le pr\u00e9sent site est la propri\u00e9t\u00e9 de : Christian LEROY EI Lieu-dit Gou\u00e9liou &#8211; 22300 PLOUMILLIAU &#8211; France +33 (0)6 95 55 90 38 E-mail Entrepreneur Individuel (EI)&#8230;<\/p>\n","protected":false},"author":1,"featured_media":0,"parent":0,"menu_order":0,"comment_status":"open","ping_status":"open","template":"","meta":[],"_links":{"self":[{"href":"http:\/\/www.cld.fr\/portfolio\/wp-json\/wp\/v2\/pages\/2"}],"collection":[{"href":"http:\/\/www.cld.fr\/portfolio\/wp-json\/wp\/v2\/pages"}],"about":[{"href":"http:\/\/www.cld.fr\/portfolio\/wp-json\/wp\/v2\/types\/page"}],"author":[{"embeddable":true,"href":"http:\/\/www.cld.fr\/portfolio\/wp-json\/wp\/v2\/users\/1"}],"replies":[{"embeddable":true,"href":"http:\/\/www.cld.fr\/portfolio\/wp-json\/wp\/v2\/comments?post=2"}],"version-history":[{"count":16,"href":"http:\/\/www.cld.fr\/portfolio\/wp-json\/wp\/v2\/pages\/2\/revisions"}],"predecessor-version":[{"id":1377,"href":"http:\/\/www.cld.fr\/portfolio\/wp-json\/wp\/v2\/pages\/2\/revisions\/1377"}],"wp:attachment":[{"href":"http:\/\/www.cld.fr\/portfolio\/wp-json\/wp\/v2\/media?parent=2"}],"curies":[{"name":"wp","href":"https:\/\/api.w.org\/{rel}","templated":true}]}}